{"id":1748,"date":"2014-05-20T15:38:47","date_gmt":"2014-05-20T13:38:47","guid":{"rendered":"http:\/\/meksiak.de\/\/?page_id=1748"},"modified":"2022-01-20T16:57:19","modified_gmt":"2022-01-20T14:57:19","slug":"leistungen","status":"publish","type":"page","link":"https:\/\/www.meksiak.de\/?page_id=1748","title":{"rendered":"Leistungen"},"content":{"rendered":"<div class=\"mt-toggle m20 mt-toggle-1\"><span class=\"mt-toggle-title\"><span class=\"ui-icon\"><\/span>Konzeption<\/span><div class=\"mt-toggle-inner closed clearfix\"><a href=\"https:\/\/meksiak.de\/\/wp-content\/uploads\/2014\/05\/lampe.jpg\"><img decoding=\"async\" loading=\"lazy\" class=\"alignright size-full wp-image-1877\" src=\"https:\/\/meksiak.de\/\/wp-content\/uploads\/2014\/05\/lampe.jpg\" alt=\"lampe\" width=\"200\" height=\"200\" srcset=\"https:\/\/www.meksiak.de\/wp-content\/uploads\/2014\/05\/lampe.jpg 200w, https:\/\/www.meksiak.de\/wp-content\/uploads\/2014\/05\/lampe-150x150.jpg 150w, https:\/\/www.meksiak.de\/wp-content\/uploads\/2014\/05\/lampe-77x77.jpg 77w\" sizes=\"(max-width: 200px) 100vw, 200px\" \/><\/a> <strong>Ideenschmiede<\/strong> \u2013 Nach Kl\u00e4rung aller Randbedingungen und Anforderungen an Ihr Produkt, entwickeln wir Produktideen hinsichtlich Funktionalit\u00e4t, Ergonomie und der zu verwendenden Werkstoffen und Fertigungsverfahren. Wir nutzen dabei bew\u00e4hrte Techniken und unsere branchen\u00fcbergreifenden Erfahrungen. Gern kl\u00e4ren wir f\u00fcr Sie die patentrechtliche Situation, erstellen Machbarkeitsanalysen, planen die notwendigen Leistungsphasen und kalkulieren die zu erwartenden Kosten- und Zeitrahmen. In der Konzeptphase werden die Grundsteine gelegt, um aus guten Ideen marktf\u00e4hige Produkte zu machen.<\/div><\/div> <div class=\"mt-toggle m20 mt-toggle-2\"><span class=\"mt-toggle-title\"><span class=\"ui-icon\"><\/span>Konstruktion<\/span><div class=\"mt-toggle-inner closed clearfix\"><a href=\"https:\/\/meksiak.de\/\/wp-content\/uploads\/2014\/05\/123.jpg\"><img decoding=\"async\" loading=\"lazy\" class=\"alignright size-full wp-image-1880\" src=\"https:\/\/meksiak.de\/\/wp-content\/uploads\/2014\/05\/123.jpg\" alt=\"123\" width=\"200\" height=\"200\" srcset=\"https:\/\/www.meksiak.de\/wp-content\/uploads\/2014\/05\/123.jpg 200w, https:\/\/www.meksiak.de\/wp-content\/uploads\/2014\/05\/123-150x150.jpg 150w, https:\/\/www.meksiak.de\/wp-content\/uploads\/2014\/05\/123-77x77.jpg 77w\" sizes=\"(max-width: 200px) 100vw, 200px\" \/><\/a> <strong>Entwicklung und Konstruktion<\/strong> &#8211; Bei der Entwicklung neuer Produkte, der Substitution bestehender Bauteile oder der Bauteiloptimierung hinsichtlich Gewicht, Kosten, Fertigungs- und Montageverfahren, unterst\u00fctzen wir Sie gern. Besondere Kenntnisse haben wir bei der kunststoff- und gussgerechten Bauteilgestaltung. <\/div><\/div> <div class=\"mt-toggle m20 mt-toggle-3\"><span class=\"mt-toggle-title\"><span class=\"ui-icon\"><\/span>Simulation<\/span><div class=\"mt-toggle-inner closed clearfix\"><img decoding=\"async\" loading=\"lazy\" class=\"alignright size-full wp-image-1884\" src=\"https:\/\/meksiak.de\/\/wp-content\/uploads\/2014\/05\/simulation.jpg\" alt=\"simulation\" width=\"200\" height=\"200\" \/><strong>Simulation und Berechnung<\/strong> &#8211;\u00a0 Mit der Finite-Elementen-Methode f\u00fchren wir haupts\u00e4chlich strukturmechanische Berechnungen durch. Dazu geh\u00f6ren statische oder dynamische Festigkeitsberechnungen, Temperaturfeldberechnungen, Modalanalysen bis hin zu\u00a0Crash- und Aufprallsimulationen. Die bruchmechanische Bewertung oder Betriebs-und Dauerfestigkeitsnachweise nach der FKM-Richtline geh\u00f6ren ebenfalls zu unseren Leistungen. Bei der Toleranzkettenberechnung (arithmetisch und statistisch) untersuchen wir die Auswirkungen der Fertigungstoleranzen auf Baugruppen. Mit der geeigneten Software k\u00f6nnen wir Spaltma\u00dfe simulieren und einzelne Beitragsleister ermitteln. <\/div><\/div> <div class=\"mt-toggle m20 mt-toggle-4\"><span class=\"mt-toggle-title\"><span class=\"ui-icon\"><\/span>CAD-Schulungen<\/span><div class=\"mt-toggle-inner closed clearfix\"><a href=\"https:\/\/meksiak.de\/\/wp-content\/uploads\/2014\/05\/talk.jpg\"><img decoding=\"async\" loading=\"lazy\" class=\"alignright size-full wp-image-1884\" src=\"https:\/\/meksiak.de\/\/wp-content\/uploads\/2014\/05\/talk.jpg\" alt=\"talk\" width=\"200\" height=\"200\" srcset=\"https:\/\/www.meksiak.de\/wp-content\/uploads\/2014\/05\/talk.jpg 200w, https:\/\/www.meksiak.de\/wp-content\/uploads\/2014\/05\/talk-150x150.jpg 150w, https:\/\/www.meksiak.de\/wp-content\/uploads\/2014\/05\/talk-77x77.jpg 77w\" sizes=\"(max-width: 200px) 100vw, 200px\" \/><\/a><strong>Schulungen CATIA V5 &#8211;<\/strong> Wir bieten CATIA-Grundlagenkurse, individuelle Workshops und Anwenderunterst\u00fctzung an. Unsere Trainer haben langj\u00e4hrige Erfahrungen in der praktischen Anwendung und der Schulung des CAD-Systems. Die Kurse finden in Witten oder Dortmund statt oder auch gern bei Ihnen vor Ort.\u00a0 <\/div><\/div> <div class=\"mt-toggle m20 mt-toggle-5\"><span class=\"mt-toggle-title\"><span class=\"ui-icon\"><\/span>Produktion<\/span><div class=\"mt-toggle-inner closed clearfix\">\n<div style=\"float: right;\"><video width=\"400\" height=\"250\" style=\"text-align: right; float: right;\" id=\"video_705\" class=\"video-js vjs-default-skin\" controls=\"controls\" preload=\"none\" poster=\"https:\/\/yourdomainname.com\/potesr.jpg\" data-setup=\"{}\"><source src=\"https:\/\/www.meksiak.de\/wp-content\/uploads\/2014\/05\/Fotolia_62637322_V_S.mp4\" type='video\/mp4' \/><source src=\"https:\/\/www.meksiak.de\/wp-content\/uploads\/2014\/06\/Fotolia_62637322_V_S.webm\" type='video\/webm' \/><source src=\"https:\/\/www.meksiak.de\/wp-content\/uploads\/2014\/06\/Fotolia_62637322_V_S.ogv\" type='video\/ogg' \/><\/video><\/div>\n<p><strong>Rapid-Proto-Typing\u00a0 bis Kleinserienteile<\/strong> &#8211; Neben der Entwicklung und Konstruktion bieten wir auch die Betreuung oder Lieferung von Musterteilen und Prototypen, Modellen und Lehren, Formen, Werkzeugen, und Vorrichtungen an. Wir k\u00fcmmern uns darum. <\/div><\/div>\n","protected":false},"excerpt":{"rendered":"","protected":false},"author":1,"featured_media":0,"parent":0,"menu_order":0,"comment_status":"open","ping_status":"open","template":"","meta":[],"_links":{"self":[{"href":"https:\/\/www.meksiak.de\/index.php?rest_route=\/wp\/v2\/pages\/1748"}],"collection":[{"href":"https:\/\/www.meksiak.de\/index.php?rest_route=\/wp\/v2\/pages"}],"about":[{"href":"https:\/\/www.meksiak.de\/index.php?rest_route=\/wp\/v2\/types\/page"}],"author":[{"embeddable":true,"href":"https:\/\/www.meksiak.de\/index.php?rest_route=\/wp\/v2\/users\/1"}],"replies":[{"embeddable":true,"href":"https:\/\/www.meksiak.de\/index.php?rest_route=%2Fwp%2Fv2%2Fcomments&post=1748"}],"version-history":[{"count":65,"href":"https:\/\/www.meksiak.de\/index.php?rest_route=\/wp\/v2\/pages\/1748\/revisions"}],"predecessor-version":[{"id":1895,"href":"https:\/\/www.meksiak.de\/index.php?rest_route=\/wp\/v2\/pages\/1748\/revisions\/1895"}],"wp:attachment":[{"href":"https:\/\/www.meksiak.de\/index.php?rest_route=%2Fwp%2Fv2%2Fmedia&parent=1748"}],"curies":[{"name":"wp","href":"https:\/\/api.w.org\/{rel}","templated":true}]}}